{"id":4183,"date":"2023-06-21T15:37:00","date_gmt":"2023-06-21T15:37:00","guid":{"rendered":"https:\/\/thehawksmoor.com\/us\/?page_id=4183"},"modified":"2026-03-02T10:25:02","modified_gmt":"2026-03-02T10:25:02","slug":"wine-by-the-glass","status":"publish","type":"page","link":"https:\/\/thehawksmoor.com\/us\/locations\/chicago\/wine\/wine-by-the-glass\/","title":{"rendered":"Wine by the glass"},"content":{"rendered":"\n<p class=\"has-text-align-center\">The below references wine available by the glass; please download the PDF for a list of bottles. These are sample menus and are subject to change.<\/p>\n\n\n\n<h3 class=\"wp-block-heading\" id=\"sparkling\">Sparkling<\/h3>\n\n\n<div id=\"foodmenu-block_d752e6b7ddf0655b6eb5c00ad2547891\" class=\"foodmenublock\">\n<p><span class=\"dishtitle\">Zardetto &#8216;Z&#8217;, Prosecco Superiore, NV<\/span><span class=\"dishprice\">15.00<\/span><br \/><span class=\"dishdescription\">Veneto, Italy<\/span><\/p>\n<\/div>\n\n<div id=\"foodmenu-block_cbfc3291921134c2c002b92cbcb91c38\" class=\"foodmenublock\">\n<p><span class=\"dishtitle\">Jansz Premium Sparkling Ros\u00e9, NV<\/span><span class=\"dishprice\">18.00<\/span><br \/><span class=\"dishdescription\">Tasmania, Australia<\/span><\/p>\n<\/div>\n\n<div id=\"foodmenu-block_e319bfaca030e710786f508c10780d6b\" class=\"foodmenublock\">\n<p><span class=\"dishtitle\">Gaston Chiquet &#8216;Tradition&#8217;, NV<\/span><span class=\"dishprice\">30.00<\/span><br \/><span class=\"dishdescription\">Champagne, France<\/span><\/p>\n<\/div>\n\n<div id=\"foodmenu-block_d1a51879e537f2101969567ebeca3e11\" class=\"foodmenublock\">\n<p><span class=\"dishtitle\">Gusbourne Brut Reserve, 2019<\/span><span class=\"dishprice\">38.00<\/span><br \/><span class=\"dishdescription\">Kent, England<\/span><\/p>\n<\/div>\n\n\n<h3 class=\"wp-block-heading\" id=\"orange\">Ros\u00e9 &amp; Orange<\/h3>\n\n\n<div id=\"foodmenu-block_62d779bbad84774b012504981b2beb7f\" class=\"foodmenublock\">\n<p><span class=\"dishtitle\">Day &#8216;Lemonade&#8217;, Pinot Noir, 2022<\/span><span class=\"dishprice\">14.00<\/span><br \/><span class=\"dishdescription\">Willamette Valley, Oregon<\/span><\/p>\n<\/div>\n\n<div id=\"foodmenu-block_36ef01cdab95dad7a12ee22a552be5ea\" class=\"foodmenublock\">\n<p><span class=\"dishtitle\">Cirelli &#8216;Orange&#8217;, Trebbiano d&#8217;Abruzzo, 2023<\/span><span class=\"dishprice\">16.00<\/span><br \/><span class=\"dishdescription\">Abruzzo, Italy<\/span><\/p>\n<\/div>\n\n<div id=\"foodmenu-block_8687873a1f571d418a48ee5a093f56f3\" class=\"foodmenublock\">\n<p><span class=\"dishtitle\">Vi\u00f1a Gonz\u00e1lez Bast\u00edas &#8216;Naranjo&#8217;, Muscat Blend, 2022<\/span><span class=\"dishprice\">16.00<\/span><br \/><span class=\"dishdescription\">Valle del Maule, Chile<\/span><\/p>\n<\/div>\n\n\n<h3 class=\"wp-block-heading\" id=\"white\">White<\/h3>\n\n\n<div id=\"foodmenu-block_24d0bcfc477b8708bcf4791dfca557e4\" class=\"foodmenublock\">\n<p><span class=\"dishtitle\">Bodega Ladera Sagrada \u2018Castelo do Papa\u2019, Godello, 2022<\/span><span class=\"dishprice\">14.00<\/span><br \/><span class=\"dishdescription\">Valdeorras, Spain<\/span><\/p>\n<\/div>\n\n<div id=\"foodmenu-block_256211223fe7b0f977305454101c8e04\" class=\"foodmenublock\">\n<p><span class=\"dishtitle\">Elena Walch, Pinot Bianco, 2023<\/span><span class=\"dishprice\">16.00<\/span><br \/><span class=\"dishdescription\">Alto Adige, Italy<\/span><\/p>\n<\/div>\n\n<div id=\"foodmenu-block_a85058b66f67d70fb07b6d8f2f4c7521\" class=\"foodmenublock\">\n<p><span class=\"dishtitle\">Selbach-Oster Kabinett, Riesling, 2022<\/span><span class=\"dishprice\">16.00<\/span><br \/><span class=\"dishdescription\">Mosel, Germany<\/span><\/p>\n<\/div>\n\n<div id=\"foodmenu-block_fefa875278e4b2898d1a273d0a744697\" class=\"foodmenublock\">\n<p><span class=\"dishtitle\">Greywacke, Sauvignon Blanc, 2024<\/span><span class=\"dishprice\">18.00<\/span><br \/><span class=\"dishdescription\">Marlborough, New Zealand<\/span><\/p>\n<\/div>\n\n<div id=\"foodmenu-block_491ee207de63309c8880838caffcd0fd\" class=\"foodmenublock\">\n<p><span class=\"dishtitle\">Weingut Rudi Pichler Federspiel, Gru\u0308ner Veltliner, 2023<\/span><span class=\"dishprice\">19.00<\/span><br \/><span class=\"dishdescription\">Wachau, Austria<\/span><\/p>\n<\/div>\n\n<div id=\"foodmenu-block_500893e2dfb76f394cb46e01cbf1c0fa\" class=\"foodmenublock\">\n<p><span class=\"dishtitle\">Domaine Laroche &#8216;Saint Martin&#8217; Chablis, 2023<\/span><span class=\"dishprice\">25.00<\/span><br \/><span class=\"dishdescription\">Burgundy, France<\/span><\/p>\n<\/div>\n\n\n<h3 class=\"wp-block-heading\" id=\"red\">Red<\/h3>\n\n\n<div id=\"foodmenu-block_36bfbccffba87aa95c0716c29ce834dd\" class=\"foodmenublock\">\n<p><span class=\"dishtitle\">Laurent Perrachon &#8216;Vieilles Vignes&#8217; Fleurie, 2022<\/span><span class=\"dishprice\">14.00<\/span><br \/><span class=\"dishdescription\">Beaujolais, France<\/span><\/p>\n<\/div>\n\n<div id=\"foodmenu-block_fd4fa1bee055539eaaab7c0fdf5db47d\" class=\"foodmenublock\">\n<p><span class=\"dishtitle\">Gordo, Monastrell, 2021<\/span><span class=\"dishprice\">15.00<\/span><br \/><span class=\"dishdescription\">Yecla, Spain<\/span><\/p>\n<\/div>\n\n<div id=\"foodmenu-block_b8b51c1c4873ca096bc1caaf6e7892f9\" class=\"foodmenublock\">\n<p><span class=\"dishtitle\">Quinta de la Rosa X Hawksmoor, Touriga Nacional Blend, 2022<\/span><span class=\"dishprice\">15.00<\/span><br \/><span class=\"dishdescription\">Duoro Valley, Portugal<\/span><\/p>\n<\/div>\n\n<div id=\"foodmenu-block_16afe06433ebe9be206c68b804f2ae5c\" class=\"foodmenublock\">\n<p><span class=\"dishtitle\">Ch\u00e2teau La Grolet &#8216;T\u00eate de Cuv\u00e9e&#8217;, C\u00f4tes de Bourg, 2017<\/span><span class=\"dishprice\">16.00<\/span><br \/><span class=\"dishdescription\">Bordeaux, France<\/span><\/p>\n<\/div>\n\n<div id=\"foodmenu-block_92e248747e24960b00587fdd76ce8d3f\" class=\"foodmenublock\">\n<p><span class=\"dishtitle\">El Enemigo, Cabernet Franc, 2022<\/span><span class=\"dishprice\">19.00<\/span><br \/><span class=\"dishdescription\">Uco Valley, Argentina<\/span><\/p>\n<\/div>\n\n<div id=\"foodmenu-block_b7c6c888fd72fa58f9264d9990f0346e\" class=\"foodmenublock\">\n<p><span class=\"dishtitle\">Collazzi &#8216;Bastioni&#8217; Chianti Classico DOCG, 2021<\/span><span class=\"dishprice\">22.00<\/span><br \/><span class=\"dishdescription\">Tuscany, Italy<\/span><\/p>\n<\/div>\n\n<div id=\"foodmenu-block_ea6cc61b2325c14579a437cd0a7f02a6\" class=\"foodmenublock\">\n<p><span class=\"dishtitle\">Weingut Meyer-N\u00e4kel, Pinot Noir, 2022<\/span><span class=\"dishprice\">23.00<\/span><br \/><span class=\"dishdescription\">Ahr, Germany<\/span><\/p>\n<\/div>\n\n<div id=\"foodmenu-block_060ce03c88cb915e16470860b000d63b\" class=\"foodmenublock\">\n<p><span class=\"dishtitle\">Poderi Aldo Conterno &#8216;Il Favot&#8217;, Nebbiolo DOC, 2020<\/span><span class=\"dishprice\">25.00<\/span><br \/><span class=\"dishdescription\">Piedmont, Italy<\/span><\/p>\n<\/div>\n\n<div id=\"foodmenu-block_27d27819eec1cdb0e08324ea3407ac2e\" class=\"foodmenublock\">\n<p><span class=\"dishtitle\">Hamel Family Wines &#8216;Stratum&#8217;, Cabernet Blend, 2020<\/span><span class=\"dishprice\">30.00<\/span><br \/><span class=\"dishdescription\">Sonoma, California<\/span><\/p>\n<\/div>\n\n<div id=\"foodmenu-block_8326787d3a4bfbb80c73a5807c91debf\" class=\"foodmenublock\">\n<p><span class=\"dishtitle\">DuMOL, Pinot Noir, 2022<\/span><span class=\"dishprice\">40.00<\/span><br \/><span class=\"dishdescription\">Sonoma, California<\/span><\/p>\n<\/div>\n\n\n<div class=\"wp-block-buttons is-content-justification-center is-layout-flex wp-container-core-buttons-is-layout-16018d1d wp-block-buttons-is-layout-flex\">\n<div class=\"wp-block-button\"><a class=\"wp-block-button__link has-text-align-center wp-element-button\" href=\"https:\/\/thehawksmoor.com\/us\/wp-content\/uploads\/sites\/2\/CHI_WINE_04_November-25-DE.pdf\">View PDF<\/a><\/div>\n<\/div>\n\n\n\n<p class=\"has-text-align-center\"><em>Please note this is a sample menu and subject to change.<\/em><\/p>\n","protected":false},"excerpt":{"rendered":"<p>The below references wine available by the glass; please download the PDF for a list of bottles. These are sample menus and are subject to change. Sparkling Ros\u00e9 &amp; Orange White Red Please note this is a sample menu and subject to change.<\/p>\n","protected":false},"author":1,"featured_media":0,"parent":4296,"menu_order":3,"comment_status":"closed","ping_status":"closed","template":"tpl_menuspage.php","meta":{"_acf_changed":false,"_kad_blocks_custom_css":"","_kad_blocks_head_custom_js":"","_kad_blocks_body_custom_js":"","_kad_blocks_footer_custom_js":"","footnotes":""},"class_list":["post-4183","page","type-page","status-publish","hentry"],"acf":[],"taxonomy_info":[],"featured_image_src_large":false,"author_info":{"display_name":"","author_link":"https:\/\/thehawksmoor.com\/us\/author\/"},"comment_info":0,"_links":{"self":[{"href":"https:\/\/thehawksmoor.com\/us\/wp-json\/wp\/v2\/pages\/4183","targetHints":{"allow":["GET"]}}],"collection":[{"href":"https:\/\/thehawksmoor.com\/us\/wp-json\/wp\/v2\/pages"}],"about":[{"href":"https:\/\/thehawksmoor.com\/us\/wp-json\/wp\/v2\/types\/page"}],"author":[{"embeddable":true,"href":"https:\/\/thehawksmoor.com\/us\/wp-json\/wp\/v2\/users\/1"}],"replies":[{"embeddable":true,"href":"https:\/\/thehawksmoor.com\/us\/wp-json\/wp\/v2\/comments?post=4183"}],"version-history":[{"count":15,"href":"https:\/\/thehawksmoor.com\/us\/wp-json\/wp\/v2\/pages\/4183\/revisions"}],"predecessor-version":[{"id":8406,"href":"https:\/\/thehawksmoor.com\/us\/wp-json\/wp\/v2\/pages\/4183\/revisions\/8406"}],"up":[{"embeddable":true,"href":"https:\/\/thehawksmoor.com\/us\/wp-json\/wp\/v2\/pages\/4296"}],"wp:attachment":[{"href":"https:\/\/thehawksmoor.com\/us\/wp-json\/wp\/v2\/media?parent=4183"}],"curies":[{"name":"wp","href":"https:\/\/api.w.org\/{rel}","templated":true}]}}